{"id":1041,"date":"2026-01-25T20:27:11","date_gmt":"2026-01-25T20:27:11","guid":{"rendered":"https:\/\/fasnachtbrugg.ch\/fasnachtbrugg\/?page_id=1041"},"modified":"2026-02-01T09:20:10","modified_gmt":"2026-02-01T09:20:10","slug":"guggenauftritte-2026","status":"publish","type":"page","link":"https:\/\/fasnachtbrugg.ch\/fasnachtbrugg\/guggenauftritte-2026\/","title":{"rendered":"Guggenauftritte 2026"},"content":{"rendered":"\n<h2 class=\"wp-block-heading\">Guggenauftritte am 22. 2. 2026<\/h2>\n\n\n\n<h3 class=\"wp-block-heading\">B\u00fchne Storchenplatz &#8211; beim Jurywagen<\/h3>\n\n\n\n<p><mark style=\"background-color:rgba(0, 0, 0, 0)\" class=\"has-inline-color has-colibri-color-6-color\">12:00 Uhr: Wasserschloss-F\u00e4ger, Untersiggenthal<br>12:40 Uhr: Opus C Voll, Riniken<\/mark><\/p>\n\n\n\n<p><mark style=\"background-color:rgba(0, 0, 0, 0)\" class=\"has-inline-color has-colibri-color-6-color\">15:45 Uhr: Br\u00e4usi V\u00f6gel, Spreitenbach<br>16:15 Uhr: H\u00e4xeschr\u00e4nzer, Gebenstorf<br><strong>17:00 Uhr: Rangverlesen der Wagen und Gruppen beim Jurywagen<\/strong><\/mark><\/p>\n\n\n\n<h3 class=\"wp-block-heading\">Erdbeeribrunnen &#8211; Hauptstrasse 48<\/h3>\n\n\n\n<p><mark style=\"background-color:rgba(0, 0, 0, 0)\" class=\"has-inline-color has-colibri-color-6-color\">12:30 Uhr: Br\u00e4usi V\u00f6gel, Spreitenbach<br>13:00 Uhr: Trombongos, Windisch<\/mark><\/p>\n\n\n\n<p class=\"has-colibri-color-6-color has-text-color has-link-color wp-elements-a07c02376e0b40d354a732d4a82fa46b\">16:00 Uhr: Opus C Voll, Riniken<mark style=\"background-color:rgba(0, 0, 0, 0)\" class=\"has-inline-color has-colibri-color-6-color\"><br>16:25 Uhr: <\/mark>Schwellbaumschr\u00e4nzer, Windisch<\/p>\n\n\n\n<h3 class=\"wp-block-heading\">UBS Bank &#8211; Hauptstrasse 1<\/h3>\n\n\n\n<p><mark style=\"background-color:rgba(0, 0, 0, 0)\" class=\"has-inline-color has-colibri-color-6-color\">12:30 Uhr: Schwellbaumschr\u00e4nzer, Windisch<br>13:00 Uhr: <mark style=\"background-color:rgba(0, 0, 0, 0)\" class=\"has-inline-color has-colibri-color-6-color\"><mark style=\"background-color:rgba(0, 0, 0, 0)\" class=\"has-inline-color has-colibri-color-6-color\">H\u00e4xeschr\u00e4nzer, Gebenstorf<\/mark><\/mark><\/mark><\/p>\n\n\n\n<p><mark style=\"background-color:rgba(0, 0, 0, 0)\" class=\"has-inline-color has-colibri-color-6-color\">16:00 Uhr: <mark style=\"background-color:rgba(0, 0, 0, 0)\" class=\"has-inline-color has-colibri-color-6-color\">Wasserschloss-F\u00e4ger, Untersiggenthal<\/mark><br>16:50 Uhr: <mark style=\"background-color:rgba(0, 0, 0, 0)\" class=\"has-inline-color has-colibri-color-6-color\">Br\u00e4usi V\u00f6gel, Spreitenbach<\/mark><\/mark><\/p>\n\n\n\n<h3 class=\"wp-block-heading\">Salzhaus &#8211; Schulthess-Allee<\/h3>\n\n\n\n<p class=\"has-colibri-color-6-color has-text-color has-link-color wp-elements-5a6d4707402f72738637150746512bd1\"><mark style=\"background-color:rgba(0, 0, 0, 0)\" class=\"has-inline-color has-colibri-color-6-color\">16:30 Uhr: <mark style=\"background-color:rgba(0, 0, 0, 0)\" class=\"has-inline-color has-colibri-color-6-color\">Trombongos, Windisch<\/mark><\/mark><br>17:00 Uhr: H<mark style=\"background-color:rgba(0, 0, 0, 0)\" class=\"has-inline-color has-colibri-color-6-color\">\u00e4xeschr\u00e4nzer, Gebenstorf<br>17:30 Uhr: <mark style=\"background-color:rgba(0, 0, 0, 0)\" class=\"has-inline-color has-colibri-color-6-color\">Schwellbaumschr\u00e4nzer, Windisch<\/mark><br>18:00 Uhr: <mark style=\"background-color:rgba(0, 0, 0, 0)\" class=\"has-inline-color has-colibri-color-6-color\"><mark style=\"background-color:rgba(0, 0, 0, 0)\" class=\"has-inline-color has-colibri-color-6-color\">Wasserschloss-F\u00e4ger, Untersiggenthal<\/mark><\/mark><\/mark><\/p>\n\n\n\n<h3 class=\"wp-block-heading\">\u00c4nderungen vorbehalten!<\/h3>\n\n\n\n<p><\/p>\n","protected":false},"excerpt":{"rendered":"<p>Guggenauftritte am 22. 2. 2026 B\u00fchne Storchenplatz &#8211; beim Jurywagen 12:00 Uhr: Wasserschloss-F\u00e4ger, Untersiggenthal12:40 Uhr: Opus C Voll, Riniken 15:45 Uhr: Br\u00e4usi V\u00f6gel, Spreitenbach16:15 Uhr: H\u00e4xeschr\u00e4nzer, Gebenstorf17:00 Uhr: Rangverlesen der Wagen und Gruppen beim Jurywagen Erdbeeribrunnen &#8211; Hauptstrasse 48 12:30 Uhr: Br\u00e4usi V\u00f6gel, Spreitenbach13:00 Uhr: Trombongos, Windisch 16:00 Uhr: Opus C Voll, Riniken16:25 Uhr: Schwellbaumschr\u00e4nzer, [&hellip;]<\/p>\n","protected":false},"author":1,"featured_media":0,"parent":0,"menu_order":0,"comment_status":"closed","ping_status":"closed","template":"","meta":{"ngg_post_thumbnail":0,"footnotes":""},"class_list":["post-1041","page","type-page","status-publish","hentry"],"_links":{"self":[{"href":"https:\/\/fasnachtbrugg.ch\/fasnachtbrugg\/wp-json\/wp\/v2\/pages\/1041","targetHints":{"allow":["GET"]}}],"collection":[{"href":"https:\/\/fasnachtbrugg.ch\/fasnachtbrugg\/wp-json\/wp\/v2\/pages"}],"about":[{"href":"https:\/\/fasnachtbrugg.ch\/fasnachtbrugg\/wp-json\/wp\/v2\/types\/page"}],"author":[{"embeddable":true,"href":"https:\/\/fasnachtbrugg.ch\/fasnachtbrugg\/wp-json\/wp\/v2\/users\/1"}],"replies":[{"embeddable":true,"href":"https:\/\/fasnachtbrugg.ch\/fasnachtbrugg\/wp-json\/wp\/v2\/comments?post=1041"}],"version-history":[{"count":10,"href":"https:\/\/fasnachtbrugg.ch\/fasnachtbrugg\/wp-json\/wp\/v2\/pages\/1041\/revisions"}],"predecessor-version":[{"id":1222,"href":"https:\/\/fasnachtbrugg.ch\/fasnachtbrugg\/wp-json\/wp\/v2\/pages\/1041\/revisions\/1222"}],"wp:attachment":[{"href":"https:\/\/fasnachtbrugg.ch\/fasnachtbrugg\/wp-json\/wp\/v2\/media?parent=1041"}],"curies":[{"name":"wp","href":"https:\/\/api.w.org\/{rel}","templated":true}]}}