{"id":1047,"date":"2026-01-25T20:34:23","date_gmt":"2026-01-25T20:34:23","guid":{"rendered":"https:\/\/fasnachtbrugg.ch\/fasnachtbrugg\/?page_id=1047"},"modified":"2026-02-15T20:22:00","modified_gmt":"2026-02-15T20:22:00","slug":"sponsoren-2026","status":"publish","type":"page","link":"https:\/\/fasnachtbrugg.ch\/fasnachtbrugg\/sponsoren-2026\/","title":{"rendered":"Sponsoren 2026"},"content":{"rendered":"<div class=\"wp-block-image\">\n<figure class=\"aligncenter size-large\"><img fetchpriority=\"high\" decoding=\"async\" width=\"1024\" height=\"353\" src=\"https:\/\/fasnachtbrugg.ch\/fasnachtbrugg\/wp-content\/uploads\/2024\/01\/Logo_StadtBrugg_rgb-1024x353.jpg\" alt=\"\" class=\"wp-image-769\" srcset=\"https:\/\/fasnachtbrugg.ch\/fasnachtbrugg\/wp-content\/uploads\/2024\/01\/Logo_StadtBrugg_rgb-1024x353.jpg 1024w, https:\/\/fasnachtbrugg.ch\/fasnachtbrugg\/wp-content\/uploads\/2024\/01\/Logo_StadtBrugg_rgb-300x104.jpg 300w, https:\/\/fasnachtbrugg.ch\/fasnachtbrugg\/wp-content\/uploads\/2024\/01\/Logo_StadtBrugg_rgb-768x265.jpg 768w, https:\/\/fasnachtbrugg.ch\/fasnachtbrugg\/wp-content\/uploads\/2024\/01\/Logo_StadtBrugg_rgb.jpg 1182w\" sizes=\"(max-width: 1024px) 100vw, 1024px\" \/><\/figure>\n<\/div>\n\n<div class=\"wp-block-image\">\n<figure class=\"aligncenter size-large\"><img decoding=\"async\" width=\"1024\" height=\"231\" src=\"https:\/\/fasnachtbrugg.ch\/fasnachtbrugg\/wp-content\/uploads\/2024\/01\/image-5-1024x231.png\" alt=\"\" class=\"wp-image-770\" srcset=\"https:\/\/fasnachtbrugg.ch\/fasnachtbrugg\/wp-content\/uploads\/2024\/01\/image-5-1024x231.png 1024w, https:\/\/fasnachtbrugg.ch\/fasnachtbrugg\/wp-content\/uploads\/2024\/01\/image-5-300x68.png 300w, https:\/\/fasnachtbrugg.ch\/fasnachtbrugg\/wp-content\/uploads\/2024\/01\/image-5-768x173.png 768w, https:\/\/fasnachtbrugg.ch\/fasnachtbrugg\/wp-content\/uploads\/2024\/01\/image-5-1536x347.png 1536w, https:\/\/fasnachtbrugg.ch\/fasnachtbrugg\/wp-content\/uploads\/2024\/01\/image-5.png 1639w\" sizes=\"(max-width: 1024px) 100vw, 1024px\" \/><\/figure>\n<\/div>\n\n<div class=\"wp-block-image\">\n<figure class=\"aligncenter size-large\"><img decoding=\"async\" width=\"1024\" height=\"228\" src=\"https:\/\/fasnachtbrugg.ch\/fasnachtbrugg\/wp-content\/uploads\/2024\/01\/remax-logo-og-1024x228.jpg\" alt=\"\" class=\"wp-image-771\" srcset=\"https:\/\/fasnachtbrugg.ch\/fasnachtbrugg\/wp-content\/uploads\/2024\/01\/remax-logo-og-1024x228.jpg 1024w, https:\/\/fasnachtbrugg.ch\/fasnachtbrugg\/wp-content\/uploads\/2024\/01\/remax-logo-og-300x67.jpg 300w, https:\/\/fasnachtbrugg.ch\/fasnachtbrugg\/wp-content\/uploads\/2024\/01\/remax-logo-og-768x171.jpg 768w, https:\/\/fasnachtbrugg.ch\/fasnachtbrugg\/wp-content\/uploads\/2024\/01\/remax-logo-og.jpg 1200w\" sizes=\"(max-width: 1024px) 100vw, 1024px\" \/><\/figure>\n<\/div>\n\n<div class=\"wp-block-image\">\n<figure class=\"aligncenter size-full\"><img loading=\"lazy\" decoding=\"async\" width=\"930\" height=\"903\" src=\"https:\/\/fasnachtbrugg.ch\/fasnachtbrugg\/wp-content\/uploads\/2024\/01\/image-2.png\" alt=\"\" class=\"wp-image-766\" srcset=\"https:\/\/fasnachtbrugg.ch\/fasnachtbrugg\/wp-content\/uploads\/2024\/01\/image-2.png 930w, https:\/\/fasnachtbrugg.ch\/fasnachtbrugg\/wp-content\/uploads\/2024\/01\/image-2-300x291.png 300w, https:\/\/fasnachtbrugg.ch\/fasnachtbrugg\/wp-content\/uploads\/2024\/01\/image-2-768x746.png 768w\" sizes=\"(max-width: 930px) 100vw, 930px\" \/><\/figure>\n<\/div>\n\n<div class=\"wp-block-image\">\n<figure class=\"aligncenter size-large\"><img loading=\"lazy\" decoding=\"async\" width=\"1024\" height=\"661\" src=\"https:\/\/fasnachtbrugg.ch\/fasnachtbrugg\/wp-content\/uploads\/2026\/02\/Screenshot-2026-02-01-100713-1024x661.png\" alt=\"\" class=\"wp-image-1214\" srcset=\"https:\/\/fasnachtbrugg.ch\/fasnachtbrugg\/wp-content\/uploads\/2026\/02\/Screenshot-2026-02-01-100713-1024x661.png 1024w, https:\/\/fasnachtbrugg.ch\/fasnachtbrugg\/wp-content\/uploads\/2026\/02\/Screenshot-2026-02-01-100713-300x194.png 300w, https:\/\/fasnachtbrugg.ch\/fasnachtbrugg\/wp-content\/uploads\/2026\/02\/Screenshot-2026-02-01-100713-768x495.png 768w, https:\/\/fasnachtbrugg.ch\/fasnachtbrugg\/wp-content\/uploads\/2026\/02\/Screenshot-2026-02-01-100713.png 1465w\" sizes=\"(max-width: 1024px) 100vw, 1024px\" \/><\/figure>\n<\/div>\n\n<div class=\"wp-block-image\">\n<figure class=\"aligncenter size-large\"><img loading=\"lazy\" decoding=\"async\" width=\"1024\" height=\"532\" src=\"https:\/\/fasnachtbrugg.ch\/fasnachtbrugg\/wp-content\/uploads\/2025\/02\/FB-luethi-2025-1024x532.png\" alt=\"\" class=\"wp-image-978\" srcset=\"https:\/\/fasnachtbrugg.ch\/fasnachtbrugg\/wp-content\/uploads\/2025\/02\/FB-luethi-2025-1024x532.png 1024w, https:\/\/fasnachtbrugg.ch\/fasnachtbrugg\/wp-content\/uploads\/2025\/02\/FB-luethi-2025-300x156.png 300w, https:\/\/fasnachtbrugg.ch\/fasnachtbrugg\/wp-content\/uploads\/2025\/02\/FB-luethi-2025-768x399.png 768w, https:\/\/fasnachtbrugg.ch\/fasnachtbrugg\/wp-content\/uploads\/2025\/02\/FB-luethi-2025-1536x798.png 1536w, https:\/\/fasnachtbrugg.ch\/fasnachtbrugg\/wp-content\/uploads\/2025\/02\/FB-luethi-2025-2048x1064.png 2048w\" sizes=\"(max-width: 1024px) 100vw, 1024px\" \/><\/figure>\n<\/div>\n\n\n<figure class=\"wp-block-image size-large\"><img loading=\"lazy\" decoding=\"async\" width=\"1024\" height=\"501\" src=\"https:\/\/fasnachtbrugg.ch\/fasnachtbrugg\/wp-content\/uploads\/2026\/01\/Schloss_Habsburg_Logo_Adresse-V02-transparent-1024x501.png\" alt=\"\" class=\"wp-image-1126\" srcset=\"https:\/\/fasnachtbrugg.ch\/fasnachtbrugg\/wp-content\/uploads\/2026\/01\/Schloss_Habsburg_Logo_Adresse-V02-transparent-1024x501.png 1024w, https:\/\/fasnachtbrugg.ch\/fasnachtbrugg\/wp-content\/uploads\/2026\/01\/Schloss_Habsburg_Logo_Adresse-V02-transparent-300x147.png 300w, https:\/\/fasnachtbrugg.ch\/fasnachtbrugg\/wp-content\/uploads\/2026\/01\/Schloss_Habsburg_Logo_Adresse-V02-transparent-768x376.png 768w, https:\/\/fasnachtbrugg.ch\/fasnachtbrugg\/wp-content\/uploads\/2026\/01\/Schloss_Habsburg_Logo_Adresse-V02-transparent.png 1417w\" sizes=\"(max-width: 1024px) 100vw, 1024px\" \/><\/figure>\n\n\n\n<p class=\"has-text-align-center\">Edi L\u00fcthi, Metzgerei AG, Hausen<br>Sandra Schuler, Centurion Towerhotel AG, Windisch<br>Schlossrestaurant Habsburg, Schlossrestaurant, Habsburg<br>Elvis Ivankovic, Trattoria Casino, Brugg<br>Andreas Rothenbach, Zeitung Regional GmbH, Brugg<br>Marie-Louise R\u00fcetschi, RE \/ MAX Brugg, Brugg<br>Urs+Lisbeth H\u00e4nggli, Brugg<br>Andreas Schreiber, AKB Brugg, Brugg<br>Heinz Graf, Brugg<br>Andr\u00e9 Baumgartner, Brugg<br>Giuseppe Caruso, Kern Elektro AG, Brugg<br>Julia Geissmann, TopPharm Apotheke+Drogerie, Brugg<br>Hansj\u00f6rg Heuberger, Brugg<br>Jeannette Hossle (GmbH), Haustechnikplanung, Brugg<br>Ernst + Silvia Kistler, Brugg<br>Familie Kuhn, City Apotheke Drogerie, Brugg<br>Florian Schneider, FSP Notare, Brugg<br>Familie Ueli Steinhauer, Brugg<br>Viktor Zumsteg, Brugg<br>R\u00f6me Rauber, Windisch<br>Alexandra Darioli, Strasser&amp;V\u00f6gtli, Treuhand, Hunzenschwil<br>Dieter Steinhauer, Neuenhof<br>Bruno Hartmann, Weinbau, Remigen<br>Susanne Wirz, W\u00fcrenlingen<br>Marco Bucher, VM-Kanal (Rohrpflege), Windisch<br>Lilian Berchtold, Brugg<br>Barbara und Paul Iten, Brugg<br>Roland Siegrist, Brugg<br>Restaurant Sonnenberg, Excellent GmbH, Brugg<\/p>\n\n\n\n<div class=\"wp-block-media-text alignwide is-stacked-on-mobile is-vertically-aligned-center\" style=\"grid-template-columns:20% auto\"><figure class=\"wp-block-media-text__media\"><img loading=\"lazy\" decoding=\"async\" width=\"665\" height=\"665\" src=\"https:\/\/fasnachtbrugg.ch\/fasnachtbrugg\/wp-content\/uploads\/2026\/01\/qr-fasnacht-brugg.png\" alt=\"\" class=\"wp-image-1120 size-full\" srcset=\"https:\/\/fasnachtbrugg.ch\/fasnachtbrugg\/wp-content\/uploads\/2026\/01\/qr-fasnacht-brugg.png 665w, https:\/\/fasnachtbrugg.ch\/fasnachtbrugg\/wp-content\/uploads\/2026\/01\/qr-fasnacht-brugg-300x300.png 300w, https:\/\/fasnachtbrugg.ch\/fasnachtbrugg\/wp-content\/uploads\/2026\/01\/qr-fasnacht-brugg-150x150.png 150w\" sizes=\"(max-width: 665px) 100vw, 665px\" \/><\/figure><div class=\"wp-block-media-text__content\">\n<p>Du m\u00f6chtest die Fasnacht Brugg unterst\u00fctzen?<\/p>\n\n\n\n<p>Kein Problem: QR-Code einscannen und Betrag erg\u00e4nzen<\/p>\n\n\n\n<p>&#8230; oder \u00fcber IBAN: CH53 0076 1649 3240 3200 1<\/p>\n\n\n\n<p>Fasnacht Brugg, Schilplinstrasse 26, 5200 Brugg<\/p>\n<\/div><\/div>\n","protected":false},"excerpt":{"rendered":"<p>Edi L\u00fcthi, Metzgerei AG, HausenSandra Schuler, Centurion Towerhotel AG, WindischSchlossrestaurant Habsburg, Schlossrestaurant, HabsburgElvis Ivankovic, Trattoria Casino, BruggAndreas Rothenbach, Zeitung Regional GmbH, BruggMarie-Louise R\u00fcetschi, RE \/ MAX Brugg, BruggUrs+Lisbeth H\u00e4nggli, BruggAndreas Schreiber, AKB Brugg, BruggHeinz Graf, BruggAndr\u00e9 Baumgartner, BruggGiuseppe Caruso, Kern Elektro AG, BruggJulia Geissmann, TopPharm Apotheke+Drogerie, BruggHansj\u00f6rg Heuberger, BruggJeannette Hossle (GmbH), Haustechnikplanung, BruggErnst + Silvia [&hellip;]<\/p>\n","protected":false},"author":1,"featured_media":0,"parent":0,"menu_order":0,"comment_status":"closed","ping_status":"closed","template":"","meta":{"ngg_post_thumbnail":0,"footnotes":""},"class_list":["post-1047","page","type-page","status-publish","hentry"],"_links":{"self":[{"href":"https:\/\/fasnachtbrugg.ch\/fasnachtbrugg\/wp-json\/wp\/v2\/pages\/1047","targetHints":{"allow":["GET"]}}],"collection":[{"href":"https:\/\/fasnachtbrugg.ch\/fasnachtbrugg\/wp-json\/wp\/v2\/pages"}],"about":[{"href":"https:\/\/fasnachtbrugg.ch\/fasnachtbrugg\/wp-json\/wp\/v2\/types\/page"}],"author":[{"embeddable":true,"href":"https:\/\/fasnachtbrugg.ch\/fasnachtbrugg\/wp-json\/wp\/v2\/users\/1"}],"replies":[{"embeddable":true,"href":"https:\/\/fasnachtbrugg.ch\/fasnachtbrugg\/wp-json\/wp\/v2\/comments?post=1047"}],"version-history":[{"count":11,"href":"https:\/\/fasnachtbrugg.ch\/fasnachtbrugg\/wp-json\/wp\/v2\/pages\/1047\/revisions"}],"predecessor-version":[{"id":1258,"href":"https:\/\/fasnachtbrugg.ch\/fasnachtbrugg\/wp-json\/wp\/v2\/pages\/1047\/revisions\/1258"}],"wp:attachment":[{"href":"https:\/\/fasnachtbrugg.ch\/fasnachtbrugg\/wp-json\/wp\/v2\/media?parent=1047"}],"curies":[{"name":"wp","href":"https:\/\/api.w.org\/{rel}","templated":true}]}}