{"id":683,"date":"2023-10-25T21:46:37","date_gmt":"2023-10-25T21:46:37","guid":{"rendered":"https:\/\/fasnachtbrugg.ch\/fasnachtbrugg\/?page_id=683"},"modified":"2024-05-10T09:47:38","modified_gmt":"2024-05-10T09:47:38","slug":"bedingungen-fuer-die-teilnahme-am-umzug-in-brugg-2024","status":"publish","type":"page","link":"https:\/\/fasnachtbrugg.ch\/fasnachtbrugg\/bedingungen-fuer-die-teilnahme-am-umzug-in-brugg-2024\/","title":{"rendered":"Bedingungen f\u00fcr die Teilnahme am Umzug in Brugg 2024"},"content":{"rendered":"\n<p>Die Guggen werden verpflichtet vor und nach dem Umzug in der Stadt Brugg aufzutreten und zwischen 12.00 Uhr und 18.00 Uhr f\u00fcr Stimmung und Unterhaltung sorgen. (das St\u00e4dtchen mit Leben bereichern und somit akustisch und visuell bleibende Glanzpunkte setzen.)<\/p>\n\n\n\n<p>Bevorzugt werden Gruppen\/Wagen die die Zuschauer in Ihre Aktivit\u00e4ten mit einbeziehen oder mit ihnen etwas produzieren und somit Bewegung in die Zuschauerreihen bringen.<\/p>\n\n\n\n<p>Fahrzeuge \/ Wagen haben auf beiden Seiten eine Aufsichtsperson\/Begleitperson dabei, die nur f\u00fcr die Sicherheit zust\u00e4ndig sind. Das Auf- und Absteigen von Personen (beim Traktor) w\u00e4hrend der Fahrt ist verboten!<\/p>\n\n\n\n<p>Fahrzeugf\u00fchrer verpflichten sich ein Handy mitzuf\u00fchren und erreichbar zu sein. Sie d\u00fcrfen keinen Alkohol \/ Drogen vor und w\u00e4hrend dem Umzug konsumieren.<\/p>\n\n\n\n<p>Alle Termine betreffend Anmeldung m\u00fcssen eingehalten werden. Andernfalls behalten wir uns vor, die Teilnahme am Umzug Brugg zu sistieren.<\/p>\n\n\n\n<p class=\"has-black-color has-luminous-vivid-amber-background-color has-text-color has-background\"><strong>Eine Kopie des <a href=\"https:\/\/www.ag.ch\/app\/aem\/forms\/getForm?form=4822cce1d3be9c99418d44bf35d3c9c4&amp;mode=prod\">Pr\u00fcfberichts<\/a> der Wagen muss bis sp\u00e4testens 21. Januar 2024 eingereicht werden: <a href=\"mailto:umzug@fasnachtbrugg.ch\">umzug@fasnachtbrugg.ch<\/a><br>Es werden nur die heute g\u00fcltigen Originalformulare vom STV-AG akzeptiert.<\/strong><\/p>\n\n\n\n<p class=\"has-black-color has-luminous-vivid-amber-background-color has-text-color has-background\"><a href=\"https:\/\/www.ag.ch\/app\/aem\/forms\/getForm?form=4822cce1d3be9c99418d44bf35d3c9c4&amp;mode=prod\" target=\"_blank\" rel=\"noreferrer noopener\"><strong>Pr\u00fcfbericht \u00fcber Betriebskontrolle f\u00fcr volkst\u00fcmliche Anl\u00e4sse des Motorfahrzeugs oder Anh\u00e4nger<\/strong><\/a><\/p>\n\n\n\n<p>Auf dem Fahrzeug \/ Anh\u00e4nger muss ein Feuerl\u00f6scher griffbereit sein.<\/p>\n\n\n\n<p>Als Wurfmaterial werden nur handels\u00fcbliche Konfetti zugelassen. Andere Materialien wie Papierschnitzel, Federn, Hobelsp\u00e4ne, S\u00e4gemehl, usw. sind verboten! Abfall, Kartonschachteln usw. m\u00fcssen selbst entsorgt werden. Sie d\u00fcrfen nicht am Strassenrand oder sonst wo hingestellt \/ entsorgt werden.<\/p>\n\n\n\n<p>Keine silbernen Konfettis, keine Kanonen mit Plastik- und Kunststoffschnitzel, keine Spaghetti-Sprays, usw.<\/p>\n\n\n\n<p>Der Verkauf von Speisen und Getr\u00e4nken vor,- w\u00e4hrend,- und nach dem Umzug sind verboten!<\/p>\n\n\n\n<p>Es besteht kein Anrecht auf eine bestimmte Startnummer und finanzielle Entsch\u00e4digung<\/p>\n\n\n\n<p>Allzu viele Emissionen sind zu vermeiden. (Knall- und Sprengk\u00f6rper, Funkenregen \/ Rauchentwicklung, usw.) Keine Schusswaffen, Messer usw. \u00c4hnlich aussehende Gegenst\u00e4nde m\u00fcssen deutlich als Attrappen zu erkennen sein.<\/p>\n\n\n\n<p class=\"has-black-color has-luminous-vivid-amber-background-color has-text-color has-background\"><strong>Lautsprecher &amp; Musikanlagen m\u00fcssen die gesetzlichen Bestimmungen einhalten. (max. 93 dbA)<\/strong><\/p>\n\n\n\n<p>F\u00fcr Folgen aus Sachbesch\u00e4digung jeglicher Art \u00fcbernehmen die Organisatoren der Fasnacht in Brugg keine Haftung.<\/p>\n\n\n\n<p>Alle Teilnehmer sind f\u00fcr die Versicherung selbst verantwortlich.<\/p>\n","protected":false},"excerpt":{"rendered":"<p>Die Guggen werden verpflichtet vor und nach dem Umzug in der Stadt Brugg aufzutreten und zwischen 12.00 Uhr und 18.00 Uhr f\u00fcr Stimmung und Unterhaltung sorgen. (das St\u00e4dtchen mit Leben bereichern und somit akustisch und visuell bleibende Glanzpunkte setzen.) Bevorzugt werden Gruppen\/Wagen die die Zuschauer in Ihre Aktivit\u00e4ten mit einbeziehen oder mit ihnen etwas produzieren [&hellip;]<\/p>\n","protected":false},"author":1,"featured_media":0,"parent":0,"menu_order":0,"comment_status":"closed","ping_status":"closed","template":"","meta":{"ngg_post_thumbnail":0,"footnotes":""},"class_list":["post-683","page","type-page","status-publish","hentry"],"_links":{"self":[{"href":"https:\/\/fasnachtbrugg.ch\/fasnachtbrugg\/wp-json\/wp\/v2\/pages\/683","targetHints":{"allow":["GET"]}}],"collection":[{"href":"https:\/\/fasnachtbrugg.ch\/fasnachtbrugg\/wp-json\/wp\/v2\/pages"}],"about":[{"href":"https:\/\/fasnachtbrugg.ch\/fasnachtbrugg\/wp-json\/wp\/v2\/types\/page"}],"author":[{"embeddable":true,"href":"https:\/\/fasnachtbrugg.ch\/fasnachtbrugg\/wp-json\/wp\/v2\/users\/1"}],"replies":[{"embeddable":true,"href":"https:\/\/fasnachtbrugg.ch\/fasnachtbrugg\/wp-json\/wp\/v2\/comments?post=683"}],"version-history":[{"count":5,"href":"https:\/\/fasnachtbrugg.ch\/fasnachtbrugg\/wp-json\/wp\/v2\/pages\/683\/revisions"}],"predecessor-version":[{"id":828,"href":"https:\/\/fasnachtbrugg.ch\/fasnachtbrugg\/wp-json\/wp\/v2\/pages\/683\/revisions\/828"}],"wp:attachment":[{"href":"https:\/\/fasnachtbrugg.ch\/fasnachtbrugg\/wp-json\/wp\/v2\/media?parent=683"}],"curies":[{"name":"wp","href":"https:\/\/api.w.org\/{rel}","templated":true}]}}